{"id":114,"date":"2019-12-24T21:18:27","date_gmt":"2019-12-24T20:18:27","guid":{"rendered":"http:\/\/achatboerse.com\/?page_id=114"},"modified":"2021-01-11T19:13:55","modified_gmt":"2021-01-11T18:13:55","slug":"wegbeschreibung","status":"publish","type":"page","link":"http:\/\/achatboerse.com\/?page_id=114","title":{"rendered":"Wegbeschreibung:"},"content":{"rendered":"\n<p> Veranstaltungsort: <br> M\u00fchlenweg 2<br> 55758 Niederw\u00f6rresbach bei Idar-Oberstein <\/p>\n\n\n\n<p> <strong>Mehrzweckhalle (Halle 1) und Gro\u00dfsporthalle (Halle 2)<\/strong> <\/p>\n\n\n\n<iframe loading=\"lazy\" src=\"https:\/\/www.google.com\/maps\/embed?pb=!1m18!1m12!1m3!1d2576.941425567823!2d7.335776915706804!3d49.76835877938709!2m3!1f0!2f0!3f0!3m2!1i1024!2i768!4f13.1!3m3!1m2!1s0x4795f6130b76f805%3A0xd32a03a3894febdb!2sM%C3%BChlenweg%202%2C%2055758%20Niederw%C3%B6rresbach!5e0!3m2!1sde!2sde!4v1577112791205!5m2!1sde!2sde\" style=\"border:0;\" allowfullscreen=\"\" width=\"1024\" height=\"768\" frameborder=\"0\"><\/iframe>\n","protected":false},"excerpt":{"rendered":"<p>Veranstaltungsort: M\u00fchlenweg 2 55758 Niederw\u00f6rresbach bei Idar-Oberstein Mehrzweckhalle (Halle 1) und Gro\u00dfsporthalle (Halle 2)<\/p>\n","protected":false},"author":1,"featured_media":0,"parent":0,"menu_order":0,"comment_status":"open","ping_status":"closed","template":"","meta":{"footnotes":""},"class_list":["post-114","page","type-page","status-publish","hentry"],"_links":{"self":[{"href":"http:\/\/achatboerse.com\/index.php?rest_route=\/wp\/v2\/pages\/114","targetHints":{"allow":["GET"]}}],"collection":[{"href":"http:\/\/achatboerse.com\/index.php?rest_route=\/wp\/v2\/pages"}],"about":[{"href":"http:\/\/achatboerse.com\/index.php?rest_route=\/wp\/v2\/types\/page"}],"author":[{"embeddable":true,"href":"http:\/\/achatboerse.com\/index.php?rest_route=\/wp\/v2\/users\/1"}],"replies":[{"embeddable":true,"href":"http:\/\/achatboerse.com\/index.php?rest_route=%2Fwp%2Fv2%2Fcomments&post=114"}],"version-history":[{"count":4,"href":"http:\/\/achatboerse.com\/index.php?rest_route=\/wp\/v2\/pages\/114\/revisions"}],"predecessor-version":[{"id":126,"href":"http:\/\/achatboerse.com\/index.php?rest_route=\/wp\/v2\/pages\/114\/revisions\/126"}],"wp:attachment":[{"href":"http:\/\/achatboerse.com\/index.php?rest_route=%2Fwp%2Fv2%2Fmedia&parent=114"}],"curies":[{"name":"wp","href":"https:\/\/api.w.org\/{rel}","templated":true}]}}