{"id":20,"date":"2019-12-23T15:27:18","date_gmt":"2019-12-23T14:27:18","guid":{"rendered":"http:\/\/achatboerse.com\/?page_id=20"},"modified":"2026-02-02T22:15:03","modified_gmt":"2026-02-02T21:15:03","slug":"ein-startseiten-abschnitt","status":"publish","type":"page","link":"http:\/\/achatboerse.com\/","title":{"rendered":"achatboerse.com"},"content":{"rendered":"\n<h2 class=\"wp-block-heading\">Herzlich Willkommen zur Achatb\u00f6rse Niederw\u00f6rresbach<\/h2>\n\n\n\n<p class=\"has-medium-font-size\"><strong>25. Internationale Achatb\u00f6rse am 14. und 15. M\u00e4rz 2026<\/strong><\/p>\n\n\n\n<p>Liebe Interessierte der Achatb\u00f6rse Niederw\u00f6rresbach !!<\/p>\n\n\n\n<p>Bereits zum 25. Mal findet die Internationale Achatb\u00f6rse statt, eine besondere Mineralien- und Fossilienb\u00f6rse mit dem Schwerpunkt Achate, versteinerte H\u00f6lzer, Fossilien, Edelsteine und Quarzmineralien.<\/p>\n\n\n\n<p>In dieser Konstellation und Gr\u00f6\u00dfe ist die Achatb\u00f6rse weltweit einmalig und hat bei Sammlern, Ausstellern und Besuchern eine \u00fcberaus positive Resonanz erreicht. Jedes Jahr kommen viele der namhaftesten Sammler und Liebhaber aus aller Welt, um an der Veranstaltung teilzunehmen.<\/p>\n\n\n\n<p>Begleitend zur B\u00f6rse gibt es eine Sonderausstellung &#8222;Achatpseudomorphosen&#8220;, au\u00dferdem finden am Samstag ab 18.30Uhr Fachvortr\u00e4ge statt. Er\u00f6ffnet wird die Achatb\u00f6rse von der amtierenden deutschen Edelsteink\u00f6nigin.<\/p>\n\n\n\n<p>Die Mehrzweckhalle und die Gro\u00dfsporthalle in Niederw\u00f6rresbach bei Idar-Oberstein sind der ideal gelegene Veranstaltungsort. Niederw\u00f6rresbach liegt im Fischbachtal direkt an der Deutschen Edelsteinstra\u00dfe. In dieser bekannten Achat- und Edelsteinregion k\u00f6nnen Sammler ihrem Hobby nachgehen und zahlreiche Mineralfundstellen aufsuchen, au\u00dferdem gibt es eine Reihe von Museen und Besucherbergwerken. Gute und g\u00fcnstige Unterk\u00fcnfte finden Sie unter www.vg-herrstein.de.<\/p>\n\n\n\n<p>In der Umgebung der Halle stehen 400 kostenlose Parkpl\u00e4tze zur Verf\u00fcgung. W\u00e4hrend der Veranstaltung bietet die Metzgerei Juchem in einem Festzelt Spie\u00dfbraten und andere k\u00f6stliche Hunsr\u00fccker Spezialit\u00e4ten an.<\/p>\n\n\n\n<p>Wir freuen uns darauf, Sie auf der 25. Internationalen Achatb\u00f6rse begr\u00fc\u00dfen zu k\u00f6nnen.<\/p>\n\n\n\n<p><em>Das Team der Achatb\u00f6rse<\/em><\/p>\n\n\n\n<p><\/p>\n\n\n\n<p><\/p>\n\n\n\n<p><strong>Termin: Samstag 14.03.2026, von 10.00 bis 18.00Uhr<\/strong> <strong>sowie Sonntag 15.03.2026, von 11.00 bis 17.00Uhr<\/strong><\/p>\n\n\n\n<p><strong>Veranstaltungsort: Mehrzweck- und Gro\u00dfsporthalle, M\u00fchlenweg 2, 55758 Niederw\u00f6rresbach bei Idar-Oberstein<\/strong><\/p>\n\n\n\n<p><strong>Eintritt: Erwachsene 5 Euro, Kinder bis 14 Jahre frei, Familienerm\u00e4\u00dfigung<\/strong><\/p>\n\n\n\n<p class=\"has-medium-font-size\"><\/p>\n\n\n\n<div class=\"wp-block-group\"><div class=\"wp-block-group__inner-container is-layout-flow wp-block-group-is-layout-flow\">\n<div class=\"wp-block-columns is-layout-flex wp-container-core-columns-is-layout-9d6595d7 wp-block-columns-is-layout-flex\">\n<div class=\"wp-block-column is-layout-flow wp-block-column-is-layout-flow\" style=\"flex-basis:100%\">\n<figure class=\"wp-block-image size-large\"><img loading=\"lazy\" decoding=\"async\" width=\"724\" height=\"1024\" src=\"https:\/\/achatboerse.com\/wp-content\/uploads\/2026\/02\/Flyer-2026-Vorderseite-Option-2_richtige-Mail_page-0001-1-724x1024.jpg\" alt=\"\" class=\"wp-image-462\" srcset=\"http:\/\/achatboerse.com\/wp-content\/uploads\/2026\/02\/Flyer-2026-Vorderseite-Option-2_richtige-Mail_page-0001-1-724x1024.jpg 724w, http:\/\/achatboerse.com\/wp-content\/uploads\/2026\/02\/Flyer-2026-Vorderseite-Option-2_richtige-Mail_page-0001-1-212x300.jpg 212w, http:\/\/achatboerse.com\/wp-content\/uploads\/2026\/02\/Flyer-2026-Vorderseite-Option-2_richtige-Mail_page-0001-1-768x1086.jpg 768w, http:\/\/achatboerse.com\/wp-content\/uploads\/2026\/02\/Flyer-2026-Vorderseite-Option-2_richtige-Mail_page-0001-1-1086x1536.jpg 1086w, http:\/\/achatboerse.com\/wp-content\/uploads\/2026\/02\/Flyer-2026-Vorderseite-Option-2_richtige-Mail_page-0001-1.jpg 1241w\" sizes=\"auto, (max-width: 724px) 100vw, 724px\" \/><\/figure>\n<\/div>\n<\/div>\n<\/div><\/div>\n\n\n\n<div class=\"wp-block-columns is-layout-flex wp-container-core-columns-is-layout-9d6595d7 wp-block-columns-is-layout-flex\">\n<div class=\"wp-block-column is-layout-flow wp-block-column-is-layout-flow\" style=\"flex-basis:100%\"><\/div>\n<\/div>\n","protected":false},"excerpt":{"rendered":"<p>Herzlich Willkommen zur Achatb\u00f6rse Niederw\u00f6rresbach 25. Internationale Achatb\u00f6rse am 14. und 15. M\u00e4rz 2026 Liebe Interessierte der Achatb\u00f6rse Niederw\u00f6rresbach !! Bereits zum 25. Mal findet die Internationale Achatb\u00f6rse statt, eine besondere Mineralien- und Fossilienb\u00f6rse mit dem Schwerpunkt Achate, versteinerte H\u00f6lzer, Fossilien, Edelsteine und Quarzmineralien. In dieser Konstellation und Gr\u00f6\u00dfe ist die Achatb\u00f6rse weltweit einmalig und &hellip; <\/p>\n<p class=\"link-more\"><a href=\"http:\/\/achatboerse.com\/\" class=\"more-link\"><span class=\"screen-reader-text\">\u201eachatboerse.com\u201c <\/span>weiterlesen<\/a><\/p>\n","protected":false},"author":1,"featured_media":164,"parent":0,"menu_order":0,"comment_status":"closed","ping_status":"closed","template":"","meta":{"footnotes":""},"class_list":["post-20","page","type-page","status-publish","has-post-thumbnail","hentry"],"_links":{"self":[{"href":"http:\/\/achatboerse.com\/index.php?rest_route=\/wp\/v2\/pages\/20","targetHints":{"allow":["GET"]}}],"collection":[{"href":"http:\/\/achatboerse.com\/index.php?rest_route=\/wp\/v2\/pages"}],"about":[{"href":"http:\/\/achatboerse.com\/index.php?rest_route=\/wp\/v2\/types\/page"}],"author":[{"embeddable":true,"href":"http:\/\/achatboerse.com\/index.php?rest_route=\/wp\/v2\/users\/1"}],"replies":[{"embeddable":true,"href":"http:\/\/achatboerse.com\/index.php?rest_route=%2Fwp%2Fv2%2Fcomments&post=20"}],"version-history":[{"count":24,"href":"http:\/\/achatboerse.com\/index.php?rest_route=\/wp\/v2\/pages\/20\/revisions"}],"predecessor-version":[{"id":463,"href":"http:\/\/achatboerse.com\/index.php?rest_route=\/wp\/v2\/pages\/20\/revisions\/463"}],"wp:featuredmedia":[{"embeddable":true,"href":"http:\/\/achatboerse.com\/index.php?rest_route=\/wp\/v2\/media\/164"}],"wp:attachment":[{"href":"http:\/\/achatboerse.com\/index.php?rest_route=%2Fwp%2Fv2%2Fmedia&parent=20"}],"curies":[{"name":"wp","href":"https:\/\/api.w.org\/{rel}","templated":true}]}}