{"id":242,"date":"2022-03-17T09:21:37","date_gmt":"2022-03-17T08:21:37","guid":{"rendered":"http:\/\/achatboerse.com\/?page_id=242"},"modified":"2025-08-20T17:40:19","modified_gmt":"2025-08-20T15:40:19","slug":"informationen-fuer-aussteller","status":"publish","type":"page","link":"http:\/\/achatboerse.com\/?page_id=242","title":{"rendered":"Informationen f\u00fcr Aussteller"},"content":{"rendered":"\n<h2 class=\"wp-block-heading\">Willkommen zur 25. Internationalen Achatb\u00f6rse in Niederw\u00f6rresbach!<\/h2>\n\n\n\n<p>In Konstellation und Gr\u00f6\u00dfe ist die Achatb\u00f6rse weltweit einmalig und hat bei Sammlern, Ausstellern und Besuchern \u00fcberaus positive Resonanz erreicht. Wir erwarten \u00fcber 1.000 Besucher aus In- und Ausland. <\/p>\n\n\n\n<p>Auf dieser Seite finden Sie Informationen zur Teilnahme und Anmeldung. <\/p>\n\n\n\n<div data-wp-interactive=\"core\/file\" class=\"wp-block-file\"><object data-wp-bind--hidden=\"!state.hasPdfPreview\" hidden class=\"wp-block-file__embed\" data=\"http:\/\/achatboerse.com\/wp-content\/uploads\/2025\/08\/Einladung-Boersenanmeldung-2026.pdf\" type=\"application\/pdf\" style=\"width:100%;height:600px\" aria-label=\"Einbettung von Einladung B\u00f6rsenanmeldung 2026.\"><\/object><a id=\"wp-block-file--media-9abfc701-c1bc-414a-9c22-928395ed2494\" href=\"http:\/\/achatboerse.com\/wp-content\/uploads\/2025\/08\/Einladung-Boersenanmeldung-2026.pdf\">Einladung B\u00f6rsenanmeldung 2026<\/a><a href=\"http:\/\/achatboerse.com\/wp-content\/uploads\/2025\/08\/Einladung-Boersenanmeldung-2026.pdf\" class=\"wp-block-file__button wp-element-button\" download aria-describedby=\"wp-block-file--media-9abfc701-c1bc-414a-9c22-928395ed2494\">Herunterladen<\/a><\/div>\n\n\n\n<div data-wp-interactive=\"core\/file\" class=\"wp-block-file\"><object data-wp-bind--hidden=\"!state.hasPdfPreview\" hidden class=\"wp-block-file__embed\" data=\"http:\/\/achatboerse.com\/wp-content\/uploads\/2025\/08\/Anmeldung_Achatboerse-2026.pdf\" type=\"application\/pdf\" style=\"width:100%;height:600px\" aria-label=\"Einbettung von Anmeldung_Achatb\u00f6rse 2026.\"><\/object><a id=\"wp-block-file--media-79e22925-ce4d-4714-b7b5-ac352b603cfd\" href=\"http:\/\/achatboerse.com\/wp-content\/uploads\/2025\/08\/Anmeldung_Achatboerse-2026.pdf\">Anmeldung_Achatb\u00f6rse 2026<\/a><a href=\"http:\/\/achatboerse.com\/wp-content\/uploads\/2025\/08\/Anmeldung_Achatboerse-2026.pdf\" class=\"wp-block-file__button wp-element-button\" download aria-describedby=\"wp-block-file--media-79e22925-ce4d-4714-b7b5-ac352b603cfd\">Herunterladen<\/a><\/div>\n\n\n\n\n\n\n\n\n\n<p><\/p>\n","protected":false},"excerpt":{"rendered":"<p>Willkommen zur 25. Internationalen Achatb\u00f6rse in Niederw\u00f6rresbach! In Konstellation und Gr\u00f6\u00dfe ist die Achatb\u00f6rse weltweit einmalig und hat bei Sammlern, Ausstellern und Besuchern \u00fcberaus positive Resonanz erreicht. Wir erwarten \u00fcber 1.000 Besucher aus In- und Ausland. Auf dieser Seite finden Sie Informationen zur Teilnahme und Anmeldung.<\/p>\n","protected":false},"author":1,"featured_media":0,"parent":0,"menu_order":0,"comment_status":"closed","ping_status":"closed","template":"","meta":{"footnotes":""},"class_list":["post-242","page","type-page","status-publish","hentry"],"_links":{"self":[{"href":"http:\/\/achatboerse.com\/index.php?rest_route=\/wp\/v2\/pages\/242","targetHints":{"allow":["GET"]}}],"collection":[{"href":"http:\/\/achatboerse.com\/index.php?rest_route=\/wp\/v2\/pages"}],"about":[{"href":"http:\/\/achatboerse.com\/index.php?rest_route=\/wp\/v2\/types\/page"}],"author":[{"embeddable":true,"href":"http:\/\/achatboerse.com\/index.php?rest_route=\/wp\/v2\/users\/1"}],"replies":[{"embeddable":true,"href":"http:\/\/achatboerse.com\/index.php?rest_route=%2Fwp%2Fv2%2Fcomments&post=242"}],"version-history":[{"count":13,"href":"http:\/\/achatboerse.com\/index.php?rest_route=\/wp\/v2\/pages\/242\/revisions"}],"predecessor-version":[{"id":455,"href":"http:\/\/achatboerse.com\/index.php?rest_route=\/wp\/v2\/pages\/242\/revisions\/455"}],"wp:attachment":[{"href":"http:\/\/achatboerse.com\/index.php?rest_route=%2Fwp%2Fv2%2Fmedia&parent=242"}],"curies":[{"name":"wp","href":"https:\/\/api.w.org\/{rel}","templated":true}]}}